{"id":179,"date":"2011-08-12T19:42:39","date_gmt":"2011-08-12T17:42:39","guid":{"rendered":"http:\/\/www.steinbogen.at\/?page_id=179"},"modified":"2013-03-07T20:38:26","modified_gmt":"2013-03-07T18:38:26","slug":"suche","status":"publish","type":"page","link":"https:\/\/www.steinbogen.at\/?page_id=179","title":{"rendered":"Pers\u00f6nlichkeitsentwicklung"},"content":{"rendered":"<p>Auf einer ganz allgemeinen Ebene gesehen, ist nachhaltige Entwicklung eine Entwicklung die die Bed\u00fcrfnisse der Gegenwart befriedigt, ohne zu riskieren, dass zuk\u00fcnftige Generationen ihre eigenen Bed\u00fcrfnisse nicht mehr befriedigen k\u00f6nnen.<br \/>\nDaher ist es auch auf allgemeiner Ebene von Entwicklung notwendig, die Bed\u00fcrfnisse, aller Beteiligten (Organismus \u2013 Organisation &#8211; \u2026.), der Gegenwart und der Zukunft wahr nehmen zu k\u00f6nnen, um Entwicklungsziele definieren zu k\u00f6nnen und unser Denken und Handeln darauf auszurichten.<\/p>\n<p>Auf Personebene (Organismus) verstehe ich das Selbst in seiner Ganzheit aus K\u00f6rper, Geist und Seele. Diesem Ansatz folgend ist es in einem ersten Schritt notwendig die eigenen Bed\u00fcrfnisse der Gegenwart (Jetzt) auf der geistigen, der emotionellen und der k\u00f6rperlichen Ebene wahr zu nehmen. Zentrale Fragestellung: \u201eWie nehme ich Jetzt wahr?\u201c<br \/>\nIn einem zweiten Schritt gilt es, die zuk\u00fcnftigen Bed\u00fcrfnisse, die meist vom pers\u00f6nlichen Lebensziel abh\u00e4ngen, wahrzunehmen. Zentrale Fragestellung: \u201eWer will ich wirklich Sein?\u201c<\/p>\n<p>Dabei verstehe ich das Wahrnehmen nicht als Produkt sondern als Prozess, bei dem es gilt die Bed\u00fcrfnisse im \u201eHier und Jetzt\u201c wahr zu nehmen, nicht die Bed\u00fcrfnisse und Gef\u00fchle der Vergangenheit oder der Zukunft. Ziel ist die Erweiterung der pers\u00f6nlichen Wahrnehmung. Diese\u00a0 kann durch t\u00e4gliche, bewu\u00dfte Atem\u00fcbungen (15 min.) mit gutem Kontakt zum Boden (stehend, sitzend oder liegend) gef\u00f6rdert werden. Dabei wirkt sich das bewu\u00dfte Richten der Wahrnehmung nach Innen, auf:<br \/>\n\u2022\u00a0\u00a0 \u00a0entstehende Gedanken<br \/>\n\u2022\u00a0\u00a0 \u00a0Gef\u00fchle und Bed\u00fcrfnisse<br \/>\n\u2022\u00a0\u00a0 \u00a0und K\u00f6rperliche Zust\u00e4nde, f\u00f6rderlich aus.<\/p>\n<p>Ist man sich bewu\u00dft, dass wir unser Selbst nur durch den Filter unserer eigenen selektiven Wahrnehmung betrachten k\u00f6nnen, so erweist es sich als hilfreich, sich auch der Fremdwahrnehmung zu bedienen um ein vollst\u00e4ndigeres Bild von sich Selbst zu erhalten. Z.B.: sich regelm\u00e4\u00dfig Feedback \u00fcber das eigene Verhalten von andern Personen einzuholen um diese Informationen in die t\u00e4gliche Reflektion des eigenen Denken und Handeln mit einflie\u00dfen zu lassen.<\/p>\n<p>Phasen der Entschleunigung, der Regeneration und \u201eZeiten der Ruhe\u201c, wirken sich auf den pers\u00f6nlichen Entwicklungsproze\u00df ebenso beschleunigend aus, wie:<br \/>\n\u2022\u00a0\u00a0 \u00a0das zulassen von \u201eneuen Wahrheiten\u201c<br \/>\n\u2022\u00a0\u00a0 \u00a0das Weglassen von Bewertungen bei der Wahrnehmung von Au\u00dfen<br \/>\n\u2022\u00a0\u00a0 \u00a0die Eigenverantwortung f\u00fcr das eigene Denken und Handeln \u00fcbernehmen<\/p>\n","protected":false},"excerpt":{"rendered":"<p>Auf einer ganz allgemeinen Ebene gesehen, ist nachhaltige Entwicklung eine Entwicklung die die Bed\u00fcrfnisse der Gegenwart befriedigt, ohne zu riskieren, dass zuk\u00fcnftige Generationen ihre eigenen Bed\u00fcrfnisse nicht mehr befriedigen k\u00f6nnen. Daher ist es auch auf allgemeiner Ebene von Entwicklung notwendig, &hellip; <a href=\"https:\/\/www.steinbogen.at\/?page_id=179\">Weiterlesen <span class=\"meta-nav\">&rarr;<\/span><\/a><\/p>\n","protected":false},"author":1,"featured_media":0,"parent":1140,"menu_order":3,"comment_status":"closed","ping_status":"closed","template":"sidebar-page.php","meta":{"footnotes":""},"_links":{"self":[{"href":"https:\/\/www.steinbogen.at\/index.php?rest_route=\/wp\/v2\/pages\/179"}],"collection":[{"href":"https:\/\/www.steinbogen.at\/index.php?rest_route=\/wp\/v2\/pages"}],"about":[{"href":"https:\/\/www.steinbogen.at\/index.php?rest_route=\/wp\/v2\/types\/page"}],"author":[{"embeddable":true,"href":"https:\/\/www.steinbogen.at\/index.php?rest_route=\/wp\/v2\/users\/1"}],"replies":[{"embeddable":true,"href":"https:\/\/www.steinbogen.at\/index.php?rest_route=%2Fwp%2Fv2%2Fcomments&post=179"}],"version-history":[{"count":23,"href":"https:\/\/www.steinbogen.at\/index.php?rest_route=\/wp\/v2\/pages\/179\/revisions"}],"predecessor-version":[{"id":1145,"href":"https:\/\/www.steinbogen.at\/index.php?rest_route=\/wp\/v2\/pages\/179\/revisions\/1145"}],"up":[{"embeddable":true,"href":"https:\/\/www.steinbogen.at\/index.php?rest_route=\/wp\/v2\/pages\/1140"}],"wp:attachment":[{"href":"https:\/\/www.steinbogen.at\/index.php?rest_route=%2Fwp%2Fv2%2Fmedia&parent=179"}],"curies":[{"name":"wp","href":"https:\/\/api.w.org\/{rel}","templated":true}]}}