{"id":100,"date":"2011-08-10T19:24:37","date_gmt":"2011-08-10T17:24:37","guid":{"rendered":"http:\/\/www.steinbogen.at\/?page_id=100"},"modified":"2013-03-07T20:50:40","modified_gmt":"2013-03-07T18:50:40","slug":"steinbogenmethode","status":"publish","type":"page","link":"https:\/\/www.steinbogen.at\/?page_id=100","title":{"rendered":"Teamentwicklung"},"content":{"rendered":"<p>Ein Team ist mehr als die Summe der Personen. Teamentwicklung und Pers\u00f6nlichkeitsentwicklung sind als Weg zu verstehen, nicht als Ziel. Leitend auf diesem Weg sind die Wahrnehmung und das Bewu\u00dftsein der Personen \u00fcber:<\/p>\n<ul>\n<li>die Rollen und Funktionen,<\/li>\n<li>die Aufgaben und Ziele<\/li>\n<li>die Spielregeln<\/li>\n<li>die Beziehungen untereinander<\/li>\n<li>und die Beitr\u00e4ge der Einzelnen Teammitglieder<\/li>\n<\/ul>\n<p>Erfolgreiche Teamentwicklung r\u00e4umt dem Einzelnen und derr Gruppe Platz f\u00fcr Entwicklung ein um den inneren sozialen Zusammenhalt zu erm\u00f6glichen, der das Team motiviert und die gew\u00fcnschten Erfolge bringt.<\/p>\n<p>Ein Meilenstein auf diesem Weg ist, das Potenzial zu nutzen, das in den Mitgliedern und deren unterschiedlichen Erfahrungen und Kompetenzen steckt. In Beziehung mit den Anderen ist es m\u00f6glich eine angstfreie, offene Kultur zu schaffen in denen lernbereite Teammitglieder mit voller Kraft und mit Klarheit an der gemeinsamen Zukunft arbeiten.<\/p>\n<p>F\u00fcr Sie und Ihr Team erstelle ich Ihnen gerne ein massgeschneidertes Angebot.<\/p>\n","protected":false},"excerpt":{"rendered":"<p>Ein Team ist mehr als die Summe der Personen. Teamentwicklung und Pers\u00f6nlichkeitsentwicklung sind als Weg zu verstehen, nicht als Ziel. Leitend auf diesem Weg sind die Wahrnehmung und das Bewu\u00dftsein der Personen \u00fcber: die Rollen und Funktionen, die Aufgaben und &hellip; <a href=\"https:\/\/www.steinbogen.at\/?page_id=100\">Weiterlesen <span class=\"meta-nav\">&rarr;<\/span><\/a><\/p>\n","protected":false},"author":1,"featured_media":0,"parent":1140,"menu_order":2,"comment_status":"closed","ping_status":"closed","template":"sidebar-page.php","meta":{"footnotes":""},"_links":{"self":[{"href":"https:\/\/www.steinbogen.at\/index.php?rest_route=\/wp\/v2\/pages\/100"}],"collection":[{"href":"https:\/\/www.steinbogen.at\/index.php?rest_route=\/wp\/v2\/pages"}],"about":[{"href":"https:\/\/www.steinbogen.at\/index.php?rest_route=\/wp\/v2\/types\/page"}],"author":[{"embeddable":true,"href":"https:\/\/www.steinbogen.at\/index.php?rest_route=\/wp\/v2\/users\/1"}],"replies":[{"embeddable":true,"href":"https:\/\/www.steinbogen.at\/index.php?rest_route=%2Fwp%2Fv2%2Fcomments&post=100"}],"version-history":[{"count":16,"href":"https:\/\/www.steinbogen.at\/index.php?rest_route=\/wp\/v2\/pages\/100\/revisions"}],"predecessor-version":[{"id":1155,"href":"https:\/\/www.steinbogen.at\/index.php?rest_route=\/wp\/v2\/pages\/100\/revisions\/1155"}],"up":[{"embeddable":true,"href":"https:\/\/www.steinbogen.at\/index.php?rest_route=\/wp\/v2\/pages\/1140"}],"wp:attachment":[{"href":"https:\/\/www.steinbogen.at\/index.php?rest_route=%2Fwp%2Fv2%2Fmedia&parent=100"}],"curies":[{"name":"wp","href":"https:\/\/api.w.org\/{rel}","templated":true}]}}