{"id":441,"date":"2011-08-19T11:59:46","date_gmt":"2011-08-19T09:59:46","guid":{"rendered":"http:\/\/www.steinbogen.at\/?page_id=441"},"modified":"2019-06-03T09:50:34","modified_gmt":"2019-06-03T07:50:34","slug":"unternehmen","status":"publish","type":"page","link":"http:\/\/www.steinbogen.at\/?page_id=441","title":{"rendered":"Wissenswertes"},"content":{"rendered":"<p>Das Einzelunternehmen Peter Lippert ist Teil eines Verbundes von eng vernetzten eigenst\u00e4ndigen Firmen. Zweck des Unternehmens ist die Erweiterung der Handlungsm\u00f6glichkeiten von Personen und Gruppen au\u00dferhalb oder innerhalb von Unternehmen und Non Profit Organisationen. Die Entwicklung, Gestaltung und Durchf\u00fchrung ist immer an Ihre Verh\u00e4ltnisse angepasst und ma\u00dfgeschneidert.<\/p>\n<p>Dabei arbeite ich nur mit Spezialisten in den jeweiligen Fachgebieten zusammen mit denen ich selbst gute Erfahrungen gemacht habe.<\/p>\n<p>Neu seit 2019:<\/p>\n<h3 class=\"elementor-heading-title elementor-size-default\"><a href=\"https:\/\/www.viable-dynamics.com\/\">Viable Dynamics <\/a><br \/>\nIntegral Development GmbH<\/h3>\n","protected":false},"excerpt":{"rendered":"<p>Das Einzelunternehmen Peter Lippert ist Teil eines Verbundes von eng vernetzten eigenst\u00e4ndigen Firmen. Zweck des Unternehmens ist die Erweiterung der Handlungsm\u00f6glichkeiten von Personen und Gruppen au\u00dferhalb oder innerhalb von Unternehmen und Non Profit Organisationen. Die Entwicklung, Gestaltung und Durchf\u00fchrung ist &hellip; <a href=\"http:\/\/www.steinbogen.at\/?page_id=441\">Weiterlesen <span class=\"meta-nav\">&rarr;<\/span><\/a><\/p>\n","protected":false},"author":1,"featured_media":0,"parent":0,"menu_order":6,"comment_status":"closed","ping_status":"closed","template":"","meta":{"footnotes":""},"_links":{"self":[{"href":"http:\/\/www.steinbogen.at\/index.php?rest_route=\/wp\/v2\/pages\/441"}],"collection":[{"href":"http:\/\/www.steinbogen.at\/index.php?rest_route=\/wp\/v2\/pages"}],"about":[{"href":"http:\/\/www.steinbogen.at\/index.php?rest_route=\/wp\/v2\/types\/page"}],"author":[{"embeddable":true,"href":"http:\/\/www.steinbogen.at\/index.php?rest_route=\/wp\/v2\/users\/1"}],"replies":[{"embeddable":true,"href":"http:\/\/www.steinbogen.at\/index.php?rest_route=%2Fwp%2Fv2%2Fcomments&post=441"}],"version-history":[{"count":13,"href":"http:\/\/www.steinbogen.at\/index.php?rest_route=\/wp\/v2\/pages\/441\/revisions"}],"predecessor-version":[{"id":1928,"href":"http:\/\/www.steinbogen.at\/index.php?rest_route=\/wp\/v2\/pages\/441\/revisions\/1928"}],"wp:attachment":[{"href":"http:\/\/www.steinbogen.at\/index.php?rest_route=%2Fwp%2Fv2%2Fmedia&parent=441"}],"curies":[{"name":"wp","href":"https:\/\/api.w.org\/{rel}","templated":true}]}}