{"id":1214,"date":"2013-03-07T22:34:58","date_gmt":"2013-03-07T20:34:58","guid":{"rendered":"http:\/\/www.steinbogen.at\/?page_id=1214"},"modified":"2021-12-11T21:24:13","modified_gmt":"2021-12-11T19:24:13","slug":"alexander-peer","status":"publish","type":"page","link":"http:\/\/www.steinbogen.at\/?page_id=1214","title":{"rendered":"Alexander Peer"},"content":{"rendered":"<p>Staatlich gepr\u00fcfter Berg- und Schif\u00fchrer, f\u00fchrt Touren in Fels, Eis und Schnee<\/p>\n<p><strong>Berg- und Schif\u00fchrer Alexander Peer<\/strong><br \/>Bahnstra\u00dfe 4<br \/><span id=\"objektPlz\">5350\u00a0<\/span><span id=\"objektOrt\">Strobl<\/span><\/p>\n<p><i class=\"fas fa-phone fa-fw ttgFixedWithFAIcon ttgToolTipIcon\" title=\"\" aria-hidden=\"true\" data-toggle=\"tooltip\" data-placement=\"top\" data-original-title=\"Telefon\"><\/i><a class=\"ttgKontaktTelefon\" href=\"tel:+436643131531\" data-eventcategory=\"Global\" data-eventaction=\"Kontaktblock Telefon\" data-eventlabel=\"clicked\">\u00a0+43 664 3131531<\/a><br \/><i class=\"fas fa-envelope fa-fw ttgFixedWithFAIcon ttgToolTipIcon\" title=\"\" aria-hidden=\"true\" data-toggle=\"tooltip\" data-placement=\"top\" data-original-title=\"E-Mail\"><\/i><a href=\"mailto:alexander.peer@aon.at\">alexander.peer@aon.at<\/a><br \/><span class=\"hidden-print\"><i class=\"fas fa-globe fa-fw ttgFixedWithFAIcon ttgToolTipIcon\" title=\"\" aria-hidden=\"true\" data-toggle=\"tooltip\" data-placement=\"top\" data-original-title=\"Web\"><\/i><a href=\"http:\/\/www.bergpeer.at\">www.bergpeer.at<\/a><\/span><\/p>\n\n\n<p><\/p>\n","protected":false},"excerpt":{"rendered":"<p>Staatlich gepr\u00fcfter Berg- und Schif\u00fchrer, f\u00fchrt Touren in Fels, Eis und Schnee Berg- und Schif\u00fchrer Alexander PeerBahnstra\u00dfe 45350\u00a0Strobl \u00a0+43 664 3131531alexander.peer@aon.atwww.bergpeer.at<\/p>\n","protected":false},"author":1,"featured_media":0,"parent":1195,"menu_order":6,"comment_status":"closed","ping_status":"closed","template":"","meta":{"footnotes":""},"_links":{"self":[{"href":"http:\/\/www.steinbogen.at\/index.php?rest_route=\/wp\/v2\/pages\/1214"}],"collection":[{"href":"http:\/\/www.steinbogen.at\/index.php?rest_route=\/wp\/v2\/pages"}],"about":[{"href":"http:\/\/www.steinbogen.at\/index.php?rest_route=\/wp\/v2\/types\/page"}],"author":[{"embeddable":true,"href":"http:\/\/www.steinbogen.at\/index.php?rest_route=\/wp\/v2\/users\/1"}],"replies":[{"embeddable":true,"href":"http:\/\/www.steinbogen.at\/index.php?rest_route=%2Fwp%2Fv2%2Fcomments&post=1214"}],"version-history":[{"count":8,"href":"http:\/\/www.steinbogen.at\/index.php?rest_route=\/wp\/v2\/pages\/1214\/revisions"}],"predecessor-version":[{"id":2406,"href":"http:\/\/www.steinbogen.at\/index.php?rest_route=\/wp\/v2\/pages\/1214\/revisions\/2406"}],"up":[{"embeddable":true,"href":"http:\/\/www.steinbogen.at\/index.php?rest_route=\/wp\/v2\/pages\/1195"}],"wp:attachment":[{"href":"http:\/\/www.steinbogen.at\/index.php?rest_route=%2Fwp%2Fv2%2Fmedia&parent=1214"}],"curies":[{"name":"wp","href":"https:\/\/api.w.org\/{rel}","templated":true}]}}