{"id":1201,"date":"2013-03-07T22:31:13","date_gmt":"2013-03-07T20:31:13","guid":{"rendered":"http:\/\/www.steinbogen.at\/?page_id=1201"},"modified":"2018-12-26T20:52:25","modified_gmt":"2018-12-26T18:52:25","slug":"christian-partner","status":"publish","type":"page","link":"http:\/\/www.steinbogen.at\/?page_id=1201","title":{"rendered":"Christian Partner"},"content":{"rendered":"<div dir=\"ltr\" data-font-name=\"g_font_p1_2\" data-canvas-width=\"452.02667646408094\">Geboren 1964, Lehre, Abschluss von 2 Hotelfachschulen, Studium der Sozial-<\/div>\n<div dir=\"ltr\" data-font-name=\"g_font_p1_2\" data-canvas-width=\"194.5533375501633\">und Wirtschaftswissenschaften, mehrj\u00e4hrige Managementt\u00e4tigkeit, mehrj\u00e4hrige T\u00e4tigkeit in einer internationalen Unternehmensberatung, Unternehmer,2-j\u00e4hrige Ausbildung in systemischer Organisationsentwicklung, 4-j\u00e4hrigeAusbildung in systemischer Familientherapie und Aufstellungsarbeit. Berater,Begleiter, Coach und Supervisor von Menschen, Gruppen und Organisationenim Profit und Non-Profit Bereich.<\/div>\n","protected":false},"excerpt":{"rendered":"<p>Geboren 1964, Lehre, Abschluss von 2 Hotelfachschulen, Studium der Sozial- und Wirtschaftswissenschaften, mehrj\u00e4hrige Managementt\u00e4tigkeit, mehrj\u00e4hrige T\u00e4tigkeit in einer internationalen Unternehmensberatung, Unternehmer,2-j\u00e4hrige Ausbildung in systemischer Organisationsentwicklung, 4-j\u00e4hrigeAusbildung in systemischer Familientherapie und Aufstellungsarbeit. Berater,Begleiter, Coach und Supervisor von Menschen, Gruppen und Organisationenim &hellip; <a href=\"http:\/\/www.steinbogen.at\/?page_id=1201\">Weiterlesen <span class=\"meta-nav\">&rarr;<\/span><\/a><\/p>\n","protected":false},"author":1,"featured_media":0,"parent":1195,"menu_order":3,"comment_status":"closed","ping_status":"closed","template":"","meta":{"footnotes":""},"_links":{"self":[{"href":"http:\/\/www.steinbogen.at\/index.php?rest_route=\/wp\/v2\/pages\/1201"}],"collection":[{"href":"http:\/\/www.steinbogen.at\/index.php?rest_route=\/wp\/v2\/pages"}],"about":[{"href":"http:\/\/www.steinbogen.at\/index.php?rest_route=\/wp\/v2\/types\/page"}],"author":[{"embeddable":true,"href":"http:\/\/www.steinbogen.at\/index.php?rest_route=\/wp\/v2\/users\/1"}],"replies":[{"embeddable":true,"href":"http:\/\/www.steinbogen.at\/index.php?rest_route=%2Fwp%2Fv2%2Fcomments&post=1201"}],"version-history":[{"count":6,"href":"http:\/\/www.steinbogen.at\/index.php?rest_route=\/wp\/v2\/pages\/1201\/revisions"}],"predecessor-version":[{"id":1639,"href":"http:\/\/www.steinbogen.at\/index.php?rest_route=\/wp\/v2\/pages\/1201\/revisions\/1639"}],"up":[{"embeddable":true,"href":"http:\/\/www.steinbogen.at\/index.php?rest_route=\/wp\/v2\/pages\/1195"}],"wp:attachment":[{"href":"http:\/\/www.steinbogen.at\/index.php?rest_route=%2Fwp%2Fv2%2Fmedia&parent=1201"}],"curies":[{"name":"wp","href":"https:\/\/api.w.org\/{rel}","templated":true}]}}